{"id":167,"date":"2021-09-13T15:44:16","date_gmt":"2021-09-13T15:44:16","guid":{"rendered":"https:\/\/komornikmunje.pl\/?page_id=167"},"modified":"2021-10-06T16:36:29","modified_gmt":"2021-10-06T16:36:29","slug":"wnioski","status":"publish","type":"page","link":"https:\/\/komornikmunje.pl\/index.php\/wnioski\/","title":{"rendered":"Wnioski"},"content":{"rendered":"\n<div class=\"wp-block-themeisle-blocks-advanced-columns has-1-columns has-desktop-equal-layout has-tablet-equal-layout has-mobile-equal-layout has-default-gap has-vertical-unset\" id=\"wp-block-themeisle-blocks-advanced-columns-53656df4\"><div class=\"wp-block-themeisle-blocks-advanced-columns-overlay\"><\/div><div class=\"innerblocks-wrap\">\n<div class=\"wp-block-themeisle-blocks-advanced-column\" id=\"wp-block-themeisle-blocks-advanced-column-b6ab6bd2\">\n<div class=\"wp-block-group\"><div class=\"wp-block-group__inner-container\">\n<div class=\"wp-block-columns\">\n<div class=\"wp-block-column\">\n<h2>Do wniosku nale\u017cy do\u0142\u0105czy\u0107 orygina\u0142 tytu\u0142u wykonawczego zgodnie z art. 776 i 777 kpc:<\/h2>\n\n\n\n<p><strong>art. 776 kpc<\/strong><\/p>\n\n\n\n<p>Podstaw\u0105 egzekucji jest tytu\u0142 wykonawczy, je\u017celi ustawa nie stanowi inaczej. Tytu\u0142em wykonawczym jest tytu\u0142 egzekucyjny zaopatrzony w klauzul\u0119 wykonalno\u015bci [\u2026]<\/p>\n\n\n\n<p><strong>art. 777 \u00a7 1 kpc<\/strong><\/p>\n\n\n\n<p>Tytu\u0142ami egzekucyjnymi s\u0105: orzeczenie s\u0105du prawomocne lub podlegaj\u0105ce natychmiastowemu wykonaniu, jak r\u00f3wnie\u017c ugoda zawarta przed s\u0105dem; orzeczenie referendarza s\u0105dowego prawomocne lub podlegaj\u0105ce natychmiastowemu wykonaniu, wyrok s\u0105du polubownego lub ugoda zawarta przed takim s\u0105dem; ugoda przed mediatorem, inne orzeczenia, ugody i akty, kt\u00f3re z mocy ustawy podlegaj\u0105 wykonaniu w drodze egzekucji s\u0105dowej; akt notarialny, w kt\u00f3rym d\u0142u\u017cnik podda\u0142 si\u0119 egzekucji i kt\u00f3ry obejmuje obowi\u0105zek [\u2026]<\/p>\n\n\n\n<h2><br>Wnioski<\/h2>\n\n\n\n<p class=\"has-text-align-left\"><a href=\"https:\/\/komornikmunje.pl\/wp-content\/uploads\/2021\/09\/WNIOSEK-ALIMENTY.pdf\" data-type=\"URL\" data-id=\"https:\/\/komornikmunje.pl\/wp-content\/uploads\/2021\/09\/WNIOSEK-ALIMENTY.pdf\" target=\"_blank\" rel=\"noreferrer noopener\"><img loading=\"lazy\" width=\"64\" height=\"64\" class=\"wp-image-269\" style=\"width: 50px;\" src=\"https:\/\/komornikmunje.pl\/wp-content\/uploads\/2021\/09\/pdf-3.png\" alt=\"\"> Wniosek o alimenty<\/a><\/p>\n\n\n\n<p><a href=\"https:\/\/komornikmunje.pl\/wp-content\/uploads\/2021\/09\/wniosek-o-doreczenie-.pdf\" data-type=\"URL\" data-id=\"https:\/\/komornikmunje.pl\/wp-content\/uploads\/2021\/09\/wniosek-o-doreczenie-.pdf\" target=\"_blank\" rel=\"noreferrer noopener\"><img loading=\"lazy\" width=\"64\" height=\"64\" class=\"wp-image-269\" style=\"width: 50px;\" src=\"https:\/\/komornikmunje.pl\/wp-content\/uploads\/2021\/09\/pdf-3.png\" alt=\"\"> Wniosek o dor\u0119czenie<\/a><\/p>\n\n\n\n<p><a href=\"https:\/\/komornikmunje.pl\/wp-content\/uploads\/2021\/09\/wniosek-o-eksmisje.pdf\" data-type=\"URL\" data-id=\"https:\/\/komornikmunje.pl\/wp-content\/uploads\/2021\/09\/wniosek-o-eksmisje.pdf\" target=\"_blank\" rel=\"noreferrer noopener\"><img loading=\"lazy\" width=\"64\" height=\"64\" class=\"wp-image-269\" style=\"width: 50px;\" src=\"https:\/\/komornikmunje.pl\/wp-content\/uploads\/2021\/09\/pdf-3.png\" alt=\"\"> Wniosek o eksmisj\u0119<\/a><\/p>\n\n\n\n<p><a href=\"https:\/\/komornikmunje.pl\/wp-content\/uploads\/2021\/09\/WNIOSEK-O-WSZCZECIE-EGZEK..pdf\" data-type=\"URL\" data-id=\"https:\/\/komornikmunje.pl\/wp-content\/uploads\/2021\/09\/WNIOSEK-O-WSZCZECIE-EGZEK..pdf\" target=\"_blank\" rel=\"noreferrer noopener\"><img loading=\"lazy\" width=\"64\" height=\"64\" class=\"wp-image-269\" style=\"width: 50px;\" src=\"https:\/\/komornikmunje.pl\/wp-content\/uploads\/2021\/09\/pdf-3.png\" alt=\"\"> Wniosek o wszcz\u0119cie egzekucji \u015bwiadcze\u0144 pieni\u0119\u017cnych<\/a><\/p>\n\n\n\n<p><a href=\"https:\/\/komornikmunje.pl\/wp-content\/uploads\/2021\/09\/wniosek-o-wszczecie-egzekucji-nowy.pdf\" data-type=\"URL\" data-id=\"https:\/\/komornikmunje.pl\/wp-content\/uploads\/2021\/09\/wniosek-o-wszczecie-egzekucji-nowy.pdf\" target=\"_blank\" rel=\"noreferrer noopener\"><img loading=\"lazy\" width=\"64\" height=\"64\" class=\"wp-image-269\" style=\"width: 50px;\" src=\"https:\/\/komornikmunje.pl\/wp-content\/uploads\/2021\/09\/pdf-3.png\" alt=\"\"> Wniosek o wszcz\u0119cie egzekucji nowy<\/a><\/p>\n\n\n\n<p><a href=\"https:\/\/komornikmunje.pl\/wp-content\/uploads\/2021\/09\/wniosek-o-zabezpieczenie.pdf\" data-type=\"URL\" data-id=\"https:\/\/komornikmunje.pl\/wp-content\/uploads\/2021\/09\/wniosek-o-zabezpieczenie.pdf\" target=\"_blank\" rel=\"noreferrer noopener\"><img loading=\"lazy\" width=\"64\" height=\"64\" class=\"wp-image-269\" style=\"width: 50px;\" src=\"https:\/\/komornikmunje.pl\/wp-content\/uploads\/2021\/09\/pdf-3.png\" alt=\"\"> Wniosek o zabezpieczenie roszczenia pieni\u0119\u017cnego<\/a><\/p>\n\n\n\n<p><a href=\"https:\/\/komornikmunje.pl\/wp-content\/uploads\/2021\/09\/WNIOSEK-W-SPRAWIE.pdf\" data-type=\"URL\" data-id=\"https:\/\/komornikmunje.pl\/wp-content\/uploads\/2021\/09\/WNIOSEK-W-SPRAWIE.pdf\" target=\"_blank\" rel=\"noreferrer noopener\"><img loading=\"lazy\" width=\"64\" height=\"64\" class=\"wp-image-269\" style=\"width: 50px;\" src=\"https:\/\/komornikmunje.pl\/wp-content\/uploads\/2021\/09\/pdf-3.png\" alt=\"\"> Wniosek w sprawie<\/a><\/p>\n\n\n\n<p><a rel=\"noreferrer noopener\" href=\"https:\/\/komornikmunje.pl\/wp-content\/uploads\/2021\/09\/wykaz-majatku.pdf\" data-type=\"URL\" data-id=\"https:\/\/komornikmunje.pl\/wp-content\/uploads\/2021\/09\/wykaz-majatku.pdf\" target=\"_blank\"><img loading=\"lazy\" width=\"64\" height=\"64\" class=\"wp-image-269\" style=\"width: 50px;\" src=\"https:\/\/komornikmunje.pl\/wp-content\/uploads\/2021\/09\/pdf-3.png\" alt=\"\"> Wykaz maj\u0105tku<\/a><\/p>\n\n\n\n<p><meta charset=\"utf-8\"><a rel=\"noreferrer noopener\" href=\"https:\/\/komornikmunje.pl\/wp-content\/uploads\/2021\/10\/wniosek-o-wydanie-zas\u0301wiadczenia-o-bezkutecznos\u0301ci.pdf\" data-type=\"URL\" target=\"_blank\"><img loading=\"lazy\" width=\"64\" height=\"64\" class=\"wp-image-269\" style=\"width: 50px;\" src=\"https:\/\/komornikmunje.pl\/wp-content\/uploads\/2021\/09\/pdf-3.png\" alt=\"\"> Wniosek o wydanie za\u015bwiadczenia<\/a><\/p>\n<\/div>\n<\/div>\n<\/div><\/div>\n<\/div>\n<\/div><\/div>\n\n\n\n<p><\/p>\n","protected":false},"excerpt":{"rendered":"","protected":false},"author":1,"featured_media":0,"parent":0,"menu_order":0,"comment_status":"closed","ping_status":"closed","template":"","meta":[],"_links":{"self":[{"href":"https:\/\/komornikmunje.pl\/index.php\/wp-json\/wp\/v2\/pages\/167"}],"collection":[{"href":"https:\/\/komornikmunje.pl\/index.php\/wp-json\/wp\/v2\/pages"}],"about":[{"href":"https:\/\/komornikmunje.pl\/index.php\/wp-json\/wp\/v2\/types\/page"}],"author":[{"embeddable":true,"href":"https:\/\/komornikmunje.pl\/index.php\/wp-json\/wp\/v2\/users\/1"}],"replies":[{"embeddable":true,"href":"https:\/\/komornikmunje.pl\/index.php\/wp-json\/wp\/v2\/comments?post=167"}],"version-history":[{"count":26,"href":"https:\/\/komornikmunje.pl\/index.php\/wp-json\/wp\/v2\/pages\/167\/revisions"}],"predecessor-version":[{"id":319,"href":"https:\/\/komornikmunje.pl\/index.php\/wp-json\/wp\/v2\/pages\/167\/revisions\/319"}],"wp:attachment":[{"href":"https:\/\/komornikmunje.pl\/index.php\/wp-json\/wp\/v2\/media?parent=167"}],"curies":[{"name":"wp","href":"https:\/\/api.w.org\/{rel}","templated":true}]}}